{"id":262,"date":"2020-04-01T09:44:26","date_gmt":"2020-04-01T12:44:26","guid":{"rendered":"https:\/\/blaspintdev.rvwebautomacao.com.br\/?page_id=262"},"modified":"2020-04-15T17:54:57","modified_gmt":"2020-04-15T20:54:57","slug":"manutencao-industrial","status":"publish","type":"page","link":"https:\/\/blaspintdev.rvwebautomacao.com.br\/es\/nuestra-experiencia\/mantenimiento-industrial\/","title":{"rendered":"Mantenimiento industrial"},"content":{"rendered":"<p>Posee (know-how) modernos equipos y profesionales extremadamente calificados para la ejecuci\u00f3n de mantenimiento industrial tanto en paradas operativas as\u00ed como en rutinas: <\/p>\n<ul class=\"family-2\">\n<li>Calderas de tanques y esferas de almacenamiento.<\/li>\n<li>Recuperaci\u00f3n de equipos y estructuras.<\/li>\n<li>Aislamiento t\u00e9rmico.<\/li>\n<li>Inspecciones de calidad.<\/li>\n<li>Preparaci\u00f3n de superficies por voladura autom\u00e1tica y voladura hidr\u00e1ulica con presi\u00f3n auto elevada.<\/li>\n<li>Pintura t\u00e9cnica e integridad estructural. <\/li>\n<li>El\u00e9ctrica.<\/li>\n<li>Complementaria <\/li>\n<\/ul>\n<p><\/p>","protected":false},"excerpt":{"rendered":"<p>Posee (know-how) modernos equipos y profesionales extremadamente calificados para la ejecuci\u00f3n de mantenimiento industrial tanto en paradas operativas as\u00ed como en rutinas: Calderas de tanques y esferas de almacenamiento. Recuperaci\u00f3n de equipos y estructuras. Aislamiento t\u00e9rmico. Inspecciones de calidad. Preparaci\u00f3n de superficies por voladura autom\u00e1tica y voladura hidr\u00e1ulica con presi\u00f3n auto elevada. Pintura t\u00e9cnica e [&hellip;]<\/p>\n","protected":false},"author":3,"featured_media":320,"parent":22,"menu_order":0,"comment_status":"closed","ping_status":"closed","template":"","meta":[],"yoast_head":"<!-- This site is optimized with the Yoast SEO plugin v18.0 - https:\/\/yoast.com\/wordpress\/plugins\/seo\/ -->\n<title>Mantenimiento industrial - Propav Constru\u00e7\u00e3o e Montagem<\/title>\n<meta name=\"robots\" content=\"index, follow, max-snippet:-1, max-image-preview:large, max-video-preview:-1\" \/>\n<link rel=\"canonical\" href=\"https:\/\/blaspintdev.rvwebautomacao.com.br\/nossa-expertise\/manutencao-industrial\/\" \/>\n<meta property=\"og:locale\" content=\"es_ES\" \/>\n<meta property=\"og:type\" content=\"article\" \/>\n<meta property=\"og:title\" content=\"Mantenimiento industrial - Propav Constru\u00e7\u00e3o e Montagem\" \/>\n<meta property=\"og:description\" content=\"Posee (know-how) modernos equipos y profesionales extremadamente calificados para la ejecuci\u00f3n de mantenimiento industrial tanto en paradas operativas as\u00ed como en rutinas: Calderas de tanques y esferas de almacenamiento. Recuperaci\u00f3n de equipos y estructuras. Aislamiento t\u00e9rmico. Inspecciones de calidad. Preparaci\u00f3n de superficies por voladura autom\u00e1tica y voladura hidr\u00e1ulica con presi\u00f3n auto elevada. Pintura t\u00e9cnica e [&hellip;]\" \/>\n<meta property=\"og:url\" content=\"https:\/\/blaspintdev.rvwebautomacao.com.br\/nossa-expertise\/manutencao-industrial\/\" \/>\n<meta property=\"og:site_name\" content=\"Propav Constru\u00e7\u00e3o e Montagem\" \/>\n<meta property=\"article:modified_time\" content=\"2020-04-15T20:54:57+00:00\" \/>\n<meta property=\"og:image\" content=\"https:\/\/blaspintdev.rvwebautomacao.com.br\/wp-content\/uploads\/2020\/04\/manutencao-industrial-2.jpg\" \/>\n\t<meta property=\"og:image:width\" content=\"1920\" \/>\n\t<meta property=\"og:image:height\" content=\"290\" \/>\n\t<meta property=\"og:image:type\" content=\"image\/jpeg\" \/>\n<meta name=\"twitter:card\" content=\"summary_large_image\" \/>\n<meta name=\"twitter:label1\" content=\"Tiempo de lectura\" \/>\n\t<meta name=\"twitter:data1\" content=\"1 minuto\" \/>\n<script type=\"application\/ld+json\" class=\"yoast-schema-graph\">{\"@context\":\"https:\/\/schema.org\",\"@graph\":[{\"@type\":\"WebSite\",\"@id\":\"https:\/\/blaspintdev.rvwebautomacao.com.br\/#website\",\"url\":\"https:\/\/blaspintdev.rvwebautomacao.com.br\/\",\"name\":\"Propav Constru\u00e7\u00e3o e Montagem\",\"description\":\"Construindo a base de um futuro melhor\",\"potentialAction\":[{\"@type\":\"SearchAction\",\"target\":{\"@type\":\"EntryPoint\",\"urlTemplate\":\"https:\/\/blaspintdev.rvwebautomacao.com.br\/?s={search_term_string}\"},\"query-input\":\"required name=search_term_string\"}],\"inLanguage\":\"es\"},{\"@type\":\"ImageObject\",\"@id\":\"https:\/\/blaspintdev.rvwebautomacao.com.br\/nossa-expertise\/manutencao-industrial\/#primaryimage\",\"inLanguage\":\"es\",\"url\":\"https:\/\/blaspintdev.rvwebautomacao.com.br\/wp-content\/uploads\/2020\/04\/manutencao-industrial-2.jpg\",\"contentUrl\":\"https:\/\/blaspintdev.rvwebautomacao.com.br\/wp-content\/uploads\/2020\/04\/manutencao-industrial-2.jpg\",\"width\":1920,\"height\":290,\"caption\":\"(Portugu\u00eas) Manuten\u00e7\u00e3o Industrial\"},{\"@type\":\"WebPage\",\"@id\":\"https:\/\/blaspintdev.rvwebautomacao.com.br\/nossa-expertise\/manutencao-industrial\/#webpage\",\"url\":\"https:\/\/blaspintdev.rvwebautomacao.com.br\/nossa-expertise\/manutencao-industrial\/\",\"name\":\"Mantenimiento industrial - Propav Constru\u00e7\u00e3o e Montagem\",\"isPartOf\":{\"@id\":\"https:\/\/blaspintdev.rvwebautomacao.com.br\/#website\"},\"primaryImageOfPage\":{\"@id\":\"https:\/\/blaspintdev.rvwebautomacao.com.br\/nossa-expertise\/manutencao-industrial\/#primaryimage\"},\"datePublished\":\"2020-04-01T12:44:26+00:00\",\"dateModified\":\"2020-04-15T20:54:57+00:00\",\"breadcrumb\":{\"@id\":\"https:\/\/blaspintdev.rvwebautomacao.com.br\/nossa-expertise\/manutencao-industrial\/#breadcrumb\"},\"inLanguage\":\"es\",\"potentialAction\":[{\"@type\":\"ReadAction\",\"target\":[\"https:\/\/blaspintdev.rvwebautomacao.com.br\/nossa-expertise\/manutencao-industrial\/\"]}]},{\"@type\":\"BreadcrumbList\",\"@id\":\"https:\/\/blaspintdev.rvwebautomacao.com.br\/nossa-expertise\/manutencao-industrial\/#breadcrumb\",\"itemListElement\":[{\"@type\":\"ListItem\",\"position\":1,\"name\":\"In\u00edcio\",\"item\":\"https:\/\/blaspintdev.rvwebautomacao.com.br\/\"},{\"@type\":\"ListItem\",\"position\":2,\"name\":\"Nossa Expertise\",\"item\":\"https:\/\/blaspintdev.rvwebautomacao.com.br\/nossa-expertise\/\"},{\"@type\":\"ListItem\",\"position\":3,\"name\":\"Manuten\u00e7\u00e3o Industrial\"}]}]}<\/script>\n<!-- \/ Yoast SEO plugin. -->","yoast_head_json":{"title":"Mantenimiento industrial - Propav Constru\u00e7\u00e3o e Montagem","robots":{"index":"index","follow":"follow","max-snippet":"max-snippet:-1","max-image-preview":"max-image-preview:large","max-video-preview":"max-video-preview:-1"},"canonical":"https:\/\/blaspintdev.rvwebautomacao.com.br\/nossa-expertise\/manutencao-industrial\/","og_locale":"es_ES","og_type":"article","og_title":"Mantenimiento industrial - Propav Constru\u00e7\u00e3o e Montagem","og_description":"Posee (know-how) modernos equipos y profesionales extremadamente calificados para la ejecuci\u00f3n de mantenimiento industrial tanto en paradas operativas as\u00ed como en rutinas: Calderas de tanques y esferas de almacenamiento. Recuperaci\u00f3n de equipos y estructuras. Aislamiento t\u00e9rmico. Inspecciones de calidad. Preparaci\u00f3n de superficies por voladura autom\u00e1tica y voladura hidr\u00e1ulica con presi\u00f3n auto elevada. Pintura t\u00e9cnica e [&hellip;]","og_url":"https:\/\/blaspintdev.rvwebautomacao.com.br\/nossa-expertise\/manutencao-industrial\/","og_site_name":"Propav Constru\u00e7\u00e3o e Montagem","article_modified_time":"2020-04-15T20:54:57+00:00","og_image":[{"width":1920,"height":290,"url":"https:\/\/blaspintdev.rvwebautomacao.com.br\/wp-content\/uploads\/2020\/04\/manutencao-industrial-2.jpg","type":"image\/jpeg"}],"twitter_card":"summary_large_image","twitter_misc":{"Tiempo de lectura":"1 minuto"},"schema":{"@context":"https:\/\/schema.org","@graph":[{"@type":"WebSite","@id":"https:\/\/blaspintdev.rvwebautomacao.com.br\/#website","url":"https:\/\/blaspintdev.rvwebautomacao.com.br\/","name":"Propav Constru\u00e7\u00e3o e Montagem","description":"Construindo a base de um futuro melhor","potentialAction":[{"@type":"SearchAction","target":{"@type":"EntryPoint","urlTemplate":"https:\/\/blaspintdev.rvwebautomacao.com.br\/?s={search_term_string}"},"query-input":"required name=search_term_string"}],"inLanguage":"es"},{"@type":"ImageObject","@id":"https:\/\/blaspintdev.rvwebautomacao.com.br\/nossa-expertise\/manutencao-industrial\/#primaryimage","inLanguage":"es","url":"https:\/\/blaspintdev.rvwebautomacao.com.br\/wp-content\/uploads\/2020\/04\/manutencao-industrial-2.jpg","contentUrl":"https:\/\/blaspintdev.rvwebautomacao.com.br\/wp-content\/uploads\/2020\/04\/manutencao-industrial-2.jpg","width":1920,"height":290,"caption":"(Portugu\u00eas) Manuten\u00e7\u00e3o Industrial"},{"@type":"WebPage","@id":"https:\/\/blaspintdev.rvwebautomacao.com.br\/nossa-expertise\/manutencao-industrial\/#webpage","url":"https:\/\/blaspintdev.rvwebautomacao.com.br\/nossa-expertise\/manutencao-industrial\/","name":"Mantenimiento industrial - Propav Constru\u00e7\u00e3o e Montagem","isPartOf":{"@id":"https:\/\/blaspintdev.rvwebautomacao.com.br\/#website"},"primaryImageOfPage":{"@id":"https:\/\/blaspintdev.rvwebautomacao.com.br\/nossa-expertise\/manutencao-industrial\/#primaryimage"},"datePublished":"2020-04-01T12:44:26+00:00","dateModified":"2020-04-15T20:54:57+00:00","breadcrumb":{"@id":"https:\/\/blaspintdev.rvwebautomacao.com.br\/nossa-expertise\/manutencao-industrial\/#breadcrumb"},"inLanguage":"es","potentialAction":[{"@type":"ReadAction","target":["https:\/\/blaspintdev.rvwebautomacao.com.br\/nossa-expertise\/manutencao-industrial\/"]}]},{"@type":"BreadcrumbList","@id":"https:\/\/blaspintdev.rvwebautomacao.com.br\/nossa-expertise\/manutencao-industrial\/#breadcrumb","itemListElement":[{"@type":"ListItem","position":1,"name":"In\u00edcio","item":"https:\/\/blaspintdev.rvwebautomacao.com.br\/"},{"@type":"ListItem","position":2,"name":"Nossa Expertise","item":"https:\/\/blaspintdev.rvwebautomacao.com.br\/nossa-expertise\/"},{"@type":"ListItem","position":3,"name":"Manuten\u00e7\u00e3o Industrial"}]}]}},"_links":{"self":[{"href":"https:\/\/blaspintdev.rvwebautomacao.com.br\/es\/wp-json\/wp\/v2\/pages\/262"}],"collection":[{"href":"https:\/\/blaspintdev.rvwebautomacao.com.br\/es\/wp-json\/wp\/v2\/pages"}],"about":[{"href":"https:\/\/blaspintdev.rvwebautomacao.com.br\/es\/wp-json\/wp\/v2\/types\/page"}],"author":[{"embeddable":true,"href":"https:\/\/blaspintdev.rvwebautomacao.com.br\/es\/wp-json\/wp\/v2\/users\/3"}],"replies":[{"embeddable":true,"href":"https:\/\/blaspintdev.rvwebautomacao.com.br\/es\/wp-json\/wp\/v2\/comments?post=262"}],"version-history":[{"count":6,"href":"https:\/\/blaspintdev.rvwebautomacao.com.br\/es\/wp-json\/wp\/v2\/pages\/262\/revisions"}],"predecessor-version":[{"id":521,"href":"https:\/\/blaspintdev.rvwebautomacao.com.br\/es\/wp-json\/wp\/v2\/pages\/262\/revisions\/521"}],"up":[{"embeddable":true,"href":"https:\/\/blaspintdev.rvwebautomacao.com.br\/es\/wp-json\/wp\/v2\/pages\/22"}],"wp:featuredmedia":[{"embeddable":true,"href":"https:\/\/blaspintdev.rvwebautomacao.com.br\/es\/wp-json\/wp\/v2\/media\/320"}],"wp:attachment":[{"href":"https:\/\/blaspintdev.rvwebautomacao.com.br\/es\/wp-json\/wp\/v2\/media?parent=262"}],"curies":[{"name":"wp","href":"https:\/\/api.w.org\/{rel}","templated":true}]}}