{"id":26,"date":"2020-03-05T18:09:10","date_gmt":"2020-03-05T21:09:10","guid":{"rendered":"http:\/\/dev.propav.com.br:8888\/?page_id=26"},"modified":"2021-09-01T12:22:15","modified_gmt":"2021-09-01T15:22:15","slug":"contato","status":"publish","type":"page","link":"https:\/\/blaspintdev.rvwebautomacao.com.br\/es\/contacto\/","title":{"rendered":"Contacto"},"content":{"rendered":"<p>Cu\u00e9ntenos un poco sobre sus necesidades, que nuestro equipo tendr\u00e1 el mayor gusto en retornar su contacto.<\/p>","protected":false},"excerpt":{"rendered":"<p>Cu\u00e9ntenos un poco sobre sus necesidades, que nuestro equipo tendr\u00e1 el mayor gusto en retornar su contacto.<\/p>\n","protected":false},"author":3,"featured_media":227,"parent":0,"menu_order":0,"comment_status":"closed","ping_status":"closed","template":"","meta":[],"yoast_head":"<!-- This site is optimized with the Yoast SEO plugin v18.0 - https:\/\/yoast.com\/wordpress\/plugins\/seo\/ -->\n<title>Contacto - Propav Constru\u00e7\u00e3o e Montagem<\/title>\n<meta name=\"robots\" content=\"index, follow, max-snippet:-1, max-image-preview:large, max-video-preview:-1\" \/>\n<link rel=\"canonical\" href=\"https:\/\/blaspintdev.rvwebautomacao.com.br\/contato\/\" \/>\n<meta property=\"og:locale\" content=\"es_ES\" \/>\n<meta property=\"og:type\" content=\"article\" \/>\n<meta property=\"og:title\" content=\"Contacto - Propav Constru\u00e7\u00e3o e Montagem\" \/>\n<meta property=\"og:description\" content=\"Cu\u00e9ntenos un poco sobre sus necesidades, que nuestro equipo tendr\u00e1 el mayor gusto en retornar su contacto.\" \/>\n<meta property=\"og:url\" content=\"https:\/\/blaspintdev.rvwebautomacao.com.br\/contato\/\" \/>\n<meta property=\"og:site_name\" content=\"Propav Constru\u00e7\u00e3o e Montagem\" \/>\n<meta property=\"article:modified_time\" content=\"2021-09-01T15:22:15+00:00\" \/>\n<meta property=\"og:image\" content=\"https:\/\/blaspintdev.rvwebautomacao.com.br\/wp-content\/uploads\/2020\/03\/contato-2.jpg\" \/>\n\t<meta property=\"og:image:width\" content=\"1920\" \/>\n\t<meta property=\"og:image:height\" content=\"846\" \/>\n\t<meta property=\"og:image:type\" content=\"image\/jpeg\" \/>\n<meta name=\"twitter:card\" content=\"summary_large_image\" \/>\n<script type=\"application\/ld+json\" class=\"yoast-schema-graph\">{\"@context\":\"https:\/\/schema.org\",\"@graph\":[{\"@type\":\"WebSite\",\"@id\":\"https:\/\/blaspintdev.rvwebautomacao.com.br\/#website\",\"url\":\"https:\/\/blaspintdev.rvwebautomacao.com.br\/\",\"name\":\"Propav Constru\u00e7\u00e3o e Montagem\",\"description\":\"Construindo a base de um futuro melhor\",\"potentialAction\":[{\"@type\":\"SearchAction\",\"target\":{\"@type\":\"EntryPoint\",\"urlTemplate\":\"https:\/\/blaspintdev.rvwebautomacao.com.br\/?s={search_term_string}\"},\"query-input\":\"required name=search_term_string\"}],\"inLanguage\":\"es\"},{\"@type\":\"ImageObject\",\"@id\":\"https:\/\/blaspintdev.rvwebautomacao.com.br\/contato\/#primaryimage\",\"inLanguage\":\"es\",\"url\":\"https:\/\/blaspintdev.rvwebautomacao.com.br\/wp-content\/uploads\/2020\/03\/contato-2.jpg\",\"contentUrl\":\"https:\/\/blaspintdev.rvwebautomacao.com.br\/wp-content\/uploads\/2020\/03\/contato-2.jpg\",\"width\":1920,\"height\":846,\"caption\":\"(Portugu\u00eas) Contato\"},{\"@type\":\"WebPage\",\"@id\":\"https:\/\/blaspintdev.rvwebautomacao.com.br\/contato\/#webpage\",\"url\":\"https:\/\/blaspintdev.rvwebautomacao.com.br\/contato\/\",\"name\":\"Contacto - Propav Constru\u00e7\u00e3o e Montagem\",\"isPartOf\":{\"@id\":\"https:\/\/blaspintdev.rvwebautomacao.com.br\/#website\"},\"primaryImageOfPage\":{\"@id\":\"https:\/\/blaspintdev.rvwebautomacao.com.br\/contato\/#primaryimage\"},\"datePublished\":\"2020-03-05T21:09:10+00:00\",\"dateModified\":\"2021-09-01T15:22:15+00:00\",\"breadcrumb\":{\"@id\":\"https:\/\/blaspintdev.rvwebautomacao.com.br\/contato\/#breadcrumb\"},\"inLanguage\":\"es\",\"potentialAction\":[{\"@type\":\"ReadAction\",\"target\":[\"https:\/\/blaspintdev.rvwebautomacao.com.br\/contato\/\"]}]},{\"@type\":\"BreadcrumbList\",\"@id\":\"https:\/\/blaspintdev.rvwebautomacao.com.br\/contato\/#breadcrumb\",\"itemListElement\":[{\"@type\":\"ListItem\",\"position\":1,\"name\":\"In\u00edcio\",\"item\":\"https:\/\/blaspintdev.rvwebautomacao.com.br\/\"},{\"@type\":\"ListItem\",\"position\":2,\"name\":\"Contato\"}]}]}<\/script>\n<!-- \/ Yoast SEO plugin. -->","yoast_head_json":{"title":"Contacto - Propav Constru\u00e7\u00e3o e Montagem","robots":{"index":"index","follow":"follow","max-snippet":"max-snippet:-1","max-image-preview":"max-image-preview:large","max-video-preview":"max-video-preview:-1"},"canonical":"https:\/\/blaspintdev.rvwebautomacao.com.br\/contato\/","og_locale":"es_ES","og_type":"article","og_title":"Contacto - Propav Constru\u00e7\u00e3o e Montagem","og_description":"Cu\u00e9ntenos un poco sobre sus necesidades, que nuestro equipo tendr\u00e1 el mayor gusto en retornar su contacto.","og_url":"https:\/\/blaspintdev.rvwebautomacao.com.br\/contato\/","og_site_name":"Propav Constru\u00e7\u00e3o e Montagem","article_modified_time":"2021-09-01T15:22:15+00:00","og_image":[{"width":1920,"height":846,"url":"https:\/\/blaspintdev.rvwebautomacao.com.br\/wp-content\/uploads\/2020\/03\/contato-2.jpg","type":"image\/jpeg"}],"twitter_card":"summary_large_image","schema":{"@context":"https:\/\/schema.org","@graph":[{"@type":"WebSite","@id":"https:\/\/blaspintdev.rvwebautomacao.com.br\/#website","url":"https:\/\/blaspintdev.rvwebautomacao.com.br\/","name":"Propav Constru\u00e7\u00e3o e Montagem","description":"Construindo a base de um futuro melhor","potentialAction":[{"@type":"SearchAction","target":{"@type":"EntryPoint","urlTemplate":"https:\/\/blaspintdev.rvwebautomacao.com.br\/?s={search_term_string}"},"query-input":"required name=search_term_string"}],"inLanguage":"es"},{"@type":"ImageObject","@id":"https:\/\/blaspintdev.rvwebautomacao.com.br\/contato\/#primaryimage","inLanguage":"es","url":"https:\/\/blaspintdev.rvwebautomacao.com.br\/wp-content\/uploads\/2020\/03\/contato-2.jpg","contentUrl":"https:\/\/blaspintdev.rvwebautomacao.com.br\/wp-content\/uploads\/2020\/03\/contato-2.jpg","width":1920,"height":846,"caption":"(Portugu\u00eas) Contato"},{"@type":"WebPage","@id":"https:\/\/blaspintdev.rvwebautomacao.com.br\/contato\/#webpage","url":"https:\/\/blaspintdev.rvwebautomacao.com.br\/contato\/","name":"Contacto - Propav Constru\u00e7\u00e3o e Montagem","isPartOf":{"@id":"https:\/\/blaspintdev.rvwebautomacao.com.br\/#website"},"primaryImageOfPage":{"@id":"https:\/\/blaspintdev.rvwebautomacao.com.br\/contato\/#primaryimage"},"datePublished":"2020-03-05T21:09:10+00:00","dateModified":"2021-09-01T15:22:15+00:00","breadcrumb":{"@id":"https:\/\/blaspintdev.rvwebautomacao.com.br\/contato\/#breadcrumb"},"inLanguage":"es","potentialAction":[{"@type":"ReadAction","target":["https:\/\/blaspintdev.rvwebautomacao.com.br\/contato\/"]}]},{"@type":"BreadcrumbList","@id":"https:\/\/blaspintdev.rvwebautomacao.com.br\/contato\/#breadcrumb","itemListElement":[{"@type":"ListItem","position":1,"name":"In\u00edcio","item":"https:\/\/blaspintdev.rvwebautomacao.com.br\/"},{"@type":"ListItem","position":2,"name":"Contato"}]}]}},"_links":{"self":[{"href":"https:\/\/blaspintdev.rvwebautomacao.com.br\/es\/wp-json\/wp\/v2\/pages\/26"}],"collection":[{"href":"https:\/\/blaspintdev.rvwebautomacao.com.br\/es\/wp-json\/wp\/v2\/pages"}],"about":[{"href":"https:\/\/blaspintdev.rvwebautomacao.com.br\/es\/wp-json\/wp\/v2\/types\/page"}],"author":[{"embeddable":true,"href":"https:\/\/blaspintdev.rvwebautomacao.com.br\/es\/wp-json\/wp\/v2\/users\/3"}],"replies":[{"embeddable":true,"href":"https:\/\/blaspintdev.rvwebautomacao.com.br\/es\/wp-json\/wp\/v2\/comments?post=26"}],"version-history":[{"count":34,"href":"https:\/\/blaspintdev.rvwebautomacao.com.br\/es\/wp-json\/wp\/v2\/pages\/26\/revisions"}],"predecessor-version":[{"id":906,"href":"https:\/\/blaspintdev.rvwebautomacao.com.br\/es\/wp-json\/wp\/v2\/pages\/26\/revisions\/906"}],"wp:featuredmedia":[{"embeddable":true,"href":"https:\/\/blaspintdev.rvwebautomacao.com.br\/es\/wp-json\/wp\/v2\/media\/227"}],"wp:attachment":[{"href":"https:\/\/blaspintdev.rvwebautomacao.com.br\/es\/wp-json\/wp\/v2\/media?parent=26"}],"curies":[{"name":"wp","href":"https:\/\/api.w.org\/{rel}","templated":true}]}}