{"id":197,"date":"2020-03-18T10:39:22","date_gmt":"2020-03-18T13:39:22","guid":{"rendered":"http:\/\/dev.propav.com.br:8888\/?page_id=197"},"modified":"2020-04-09T19:21:00","modified_gmt":"2020-04-09T22:21:00","slug":"obra-civis-e-industriais","status":"publish","type":"page","link":"https:\/\/blaspintdev.rvwebautomacao.com.br\/es\/nuestra-experiencia\/obras-civiles-e-industriales\/","title":{"rendered":"Obras civiles e industriales"},"content":{"rendered":"<p>PROPAV opera en varios segmentos y tiene una amplia experiencia y capacidad t\u00e9cnica para operar tanto en el \u00e1mbito industrial como en los diversos sectores de infraestructura:<\/p>\n<ul class=\"family-2\">\n<li>Construcci\u00f3n civil;\n<li>Movimiento de tierras;<\/li>\n<li>Pavimentaci\u00f3n;<\/li>\n<li>Drenaje;<\/li>\n<li>Saneamiento;<\/li>\n<li>Obras especiales<\/li>\n<\/ul>\n<p><\/p>","protected":false},"excerpt":{"rendered":"<p>PROPAV opera en varios segmentos y tiene una amplia experiencia y capacidad t\u00e9cnica para operar tanto en el \u00e1mbito industrial como en los diversos sectores de infraestructura: Construcci\u00f3n civil; Movimiento de tierras; Pavimentaci\u00f3n; Drenaje; Saneamiento; Obras especiales<\/p>\n","protected":false},"author":3,"featured_media":318,"parent":22,"menu_order":0,"comment_status":"closed","ping_status":"closed","template":"","meta":[],"yoast_head":"<!-- This site is optimized with the Yoast SEO plugin v18.0 - https:\/\/yoast.com\/wordpress\/plugins\/seo\/ -->\n<title>Obras civiles e industriales - Propav Constru\u00e7\u00e3o e Montagem<\/title>\n<meta name=\"robots\" content=\"index, follow, max-snippet:-1, max-image-preview:large, max-video-preview:-1\" \/>\n<link rel=\"canonical\" href=\"https:\/\/blaspintdev.rvwebautomacao.com.br\/nossa-expertise\/obras-civis-e-industriais\/\" \/>\n<meta property=\"og:locale\" content=\"es_ES\" \/>\n<meta property=\"og:type\" content=\"article\" \/>\n<meta property=\"og:title\" content=\"Obras civiles e industriales - Propav Constru\u00e7\u00e3o e Montagem\" \/>\n<meta property=\"og:description\" content=\"PROPAV opera en varios segmentos y tiene una amplia experiencia y capacidad t\u00e9cnica para operar tanto en el \u00e1mbito industrial como en los diversos sectores de infraestructura: Construcci\u00f3n civil; Movimiento de tierras; Pavimentaci\u00f3n; Drenaje; Saneamiento; Obras especiales\" \/>\n<meta property=\"og:url\" content=\"https:\/\/blaspintdev.rvwebautomacao.com.br\/nossa-expertise\/obras-civis-e-industriais\/\" \/>\n<meta property=\"og:site_name\" content=\"Propav Constru\u00e7\u00e3o e Montagem\" \/>\n<meta property=\"article:modified_time\" content=\"2020-04-09T22:21:00+00:00\" \/>\n<meta property=\"og:image\" content=\"https:\/\/blaspintdev.rvwebautomacao.com.br\/wp-content\/uploads\/2020\/04\/obras-civis-e-industriais.jpg\" \/>\n\t<meta property=\"og:image:width\" content=\"1920\" \/>\n\t<meta property=\"og:image:height\" content=\"290\" \/>\n\t<meta property=\"og:image:type\" content=\"image\/jpeg\" \/>\n<meta name=\"twitter:card\" content=\"summary_large_image\" \/>\n<meta name=\"twitter:label1\" content=\"Tiempo de lectura\" \/>\n\t<meta name=\"twitter:data1\" content=\"1 minuto\" \/>\n<script type=\"application\/ld+json\" class=\"yoast-schema-graph\">{\"@context\":\"https:\/\/schema.org\",\"@graph\":[{\"@type\":\"WebSite\",\"@id\":\"https:\/\/blaspintdev.rvwebautomacao.com.br\/#website\",\"url\":\"https:\/\/blaspintdev.rvwebautomacao.com.br\/\",\"name\":\"Propav Constru\u00e7\u00e3o e Montagem\",\"description\":\"Construindo a base de um futuro melhor\",\"potentialAction\":[{\"@type\":\"SearchAction\",\"target\":{\"@type\":\"EntryPoint\",\"urlTemplate\":\"https:\/\/blaspintdev.rvwebautomacao.com.br\/?s={search_term_string}\"},\"query-input\":\"required name=search_term_string\"}],\"inLanguage\":\"es\"},{\"@type\":\"ImageObject\",\"@id\":\"https:\/\/blaspintdev.rvwebautomacao.com.br\/nossa-expertise\/obras-civis-e-industriais\/#primaryimage\",\"inLanguage\":\"es\",\"url\":\"https:\/\/blaspintdev.rvwebautomacao.com.br\/wp-content\/uploads\/2020\/04\/obras-civis-e-industriais.jpg\",\"contentUrl\":\"https:\/\/blaspintdev.rvwebautomacao.com.br\/wp-content\/uploads\/2020\/04\/obras-civis-e-industriais.jpg\",\"width\":1920,\"height\":290,\"caption\":\"(Portugu\u00eas) Obras Civis e Industriais\"},{\"@type\":\"WebPage\",\"@id\":\"https:\/\/blaspintdev.rvwebautomacao.com.br\/nossa-expertise\/obras-civis-e-industriais\/#webpage\",\"url\":\"https:\/\/blaspintdev.rvwebautomacao.com.br\/nossa-expertise\/obras-civis-e-industriais\/\",\"name\":\"Obras civiles e industriales - Propav Constru\u00e7\u00e3o e Montagem\",\"isPartOf\":{\"@id\":\"https:\/\/blaspintdev.rvwebautomacao.com.br\/#website\"},\"primaryImageOfPage\":{\"@id\":\"https:\/\/blaspintdev.rvwebautomacao.com.br\/nossa-expertise\/obras-civis-e-industriais\/#primaryimage\"},\"datePublished\":\"2020-03-18T13:39:22+00:00\",\"dateModified\":\"2020-04-09T22:21:00+00:00\",\"breadcrumb\":{\"@id\":\"https:\/\/blaspintdev.rvwebautomacao.com.br\/nossa-expertise\/obras-civis-e-industriais\/#breadcrumb\"},\"inLanguage\":\"es\",\"potentialAction\":[{\"@type\":\"ReadAction\",\"target\":[\"https:\/\/blaspintdev.rvwebautomacao.com.br\/nossa-expertise\/obras-civis-e-industriais\/\"]}]},{\"@type\":\"BreadcrumbList\",\"@id\":\"https:\/\/blaspintdev.rvwebautomacao.com.br\/nossa-expertise\/obras-civis-e-industriais\/#breadcrumb\",\"itemListElement\":[{\"@type\":\"ListItem\",\"position\":1,\"name\":\"In\u00edcio\",\"item\":\"https:\/\/blaspintdev.rvwebautomacao.com.br\/\"},{\"@type\":\"ListItem\",\"position\":2,\"name\":\"Nossa Expertise\",\"item\":\"https:\/\/blaspintdev.rvwebautomacao.com.br\/nossa-expertise\/\"},{\"@type\":\"ListItem\",\"position\":3,\"name\":\"Obras Civis e Industriais\"}]}]}<\/script>\n<!-- \/ Yoast SEO plugin. -->","yoast_head_json":{"title":"Obras civiles e industriales - Propav Constru\u00e7\u00e3o e Montagem","robots":{"index":"index","follow":"follow","max-snippet":"max-snippet:-1","max-image-preview":"max-image-preview:large","max-video-preview":"max-video-preview:-1"},"canonical":"https:\/\/blaspintdev.rvwebautomacao.com.br\/nossa-expertise\/obras-civis-e-industriais\/","og_locale":"es_ES","og_type":"article","og_title":"Obras civiles e industriales - Propav Constru\u00e7\u00e3o e Montagem","og_description":"PROPAV opera en varios segmentos y tiene una amplia experiencia y capacidad t\u00e9cnica para operar tanto en el \u00e1mbito industrial como en los diversos sectores de infraestructura: Construcci\u00f3n civil; Movimiento de tierras; Pavimentaci\u00f3n; Drenaje; Saneamiento; Obras especiales","og_url":"https:\/\/blaspintdev.rvwebautomacao.com.br\/nossa-expertise\/obras-civis-e-industriais\/","og_site_name":"Propav Constru\u00e7\u00e3o e Montagem","article_modified_time":"2020-04-09T22:21:00+00:00","og_image":[{"width":1920,"height":290,"url":"https:\/\/blaspintdev.rvwebautomacao.com.br\/wp-content\/uploads\/2020\/04\/obras-civis-e-industriais.jpg","type":"image\/jpeg"}],"twitter_card":"summary_large_image","twitter_misc":{"Tiempo de lectura":"1 minuto"},"schema":{"@context":"https:\/\/schema.org","@graph":[{"@type":"WebSite","@id":"https:\/\/blaspintdev.rvwebautomacao.com.br\/#website","url":"https:\/\/blaspintdev.rvwebautomacao.com.br\/","name":"Propav Constru\u00e7\u00e3o e Montagem","description":"Construindo a base de um futuro melhor","potentialAction":[{"@type":"SearchAction","target":{"@type":"EntryPoint","urlTemplate":"https:\/\/blaspintdev.rvwebautomacao.com.br\/?s={search_term_string}"},"query-input":"required name=search_term_string"}],"inLanguage":"es"},{"@type":"ImageObject","@id":"https:\/\/blaspintdev.rvwebautomacao.com.br\/nossa-expertise\/obras-civis-e-industriais\/#primaryimage","inLanguage":"es","url":"https:\/\/blaspintdev.rvwebautomacao.com.br\/wp-content\/uploads\/2020\/04\/obras-civis-e-industriais.jpg","contentUrl":"https:\/\/blaspintdev.rvwebautomacao.com.br\/wp-content\/uploads\/2020\/04\/obras-civis-e-industriais.jpg","width":1920,"height":290,"caption":"(Portugu\u00eas) Obras Civis e Industriais"},{"@type":"WebPage","@id":"https:\/\/blaspintdev.rvwebautomacao.com.br\/nossa-expertise\/obras-civis-e-industriais\/#webpage","url":"https:\/\/blaspintdev.rvwebautomacao.com.br\/nossa-expertise\/obras-civis-e-industriais\/","name":"Obras civiles e industriales - Propav Constru\u00e7\u00e3o e Montagem","isPartOf":{"@id":"https:\/\/blaspintdev.rvwebautomacao.com.br\/#website"},"primaryImageOfPage":{"@id":"https:\/\/blaspintdev.rvwebautomacao.com.br\/nossa-expertise\/obras-civis-e-industriais\/#primaryimage"},"datePublished":"2020-03-18T13:39:22+00:00","dateModified":"2020-04-09T22:21:00+00:00","breadcrumb":{"@id":"https:\/\/blaspintdev.rvwebautomacao.com.br\/nossa-expertise\/obras-civis-e-industriais\/#breadcrumb"},"inLanguage":"es","potentialAction":[{"@type":"ReadAction","target":["https:\/\/blaspintdev.rvwebautomacao.com.br\/nossa-expertise\/obras-civis-e-industriais\/"]}]},{"@type":"BreadcrumbList","@id":"https:\/\/blaspintdev.rvwebautomacao.com.br\/nossa-expertise\/obras-civis-e-industriais\/#breadcrumb","itemListElement":[{"@type":"ListItem","position":1,"name":"In\u00edcio","item":"https:\/\/blaspintdev.rvwebautomacao.com.br\/"},{"@type":"ListItem","position":2,"name":"Nossa Expertise","item":"https:\/\/blaspintdev.rvwebautomacao.com.br\/nossa-expertise\/"},{"@type":"ListItem","position":3,"name":"Obras Civis e Industriais"}]}]}},"_links":{"self":[{"href":"https:\/\/blaspintdev.rvwebautomacao.com.br\/es\/wp-json\/wp\/v2\/pages\/197"}],"collection":[{"href":"https:\/\/blaspintdev.rvwebautomacao.com.br\/es\/wp-json\/wp\/v2\/pages"}],"about":[{"href":"https:\/\/blaspintdev.rvwebautomacao.com.br\/es\/wp-json\/wp\/v2\/types\/page"}],"author":[{"embeddable":true,"href":"https:\/\/blaspintdev.rvwebautomacao.com.br\/es\/wp-json\/wp\/v2\/users\/3"}],"replies":[{"embeddable":true,"href":"https:\/\/blaspintdev.rvwebautomacao.com.br\/es\/wp-json\/wp\/v2\/comments?post=197"}],"version-history":[{"count":8,"href":"https:\/\/blaspintdev.rvwebautomacao.com.br\/es\/wp-json\/wp\/v2\/pages\/197\/revisions"}],"predecessor-version":[{"id":472,"href":"https:\/\/blaspintdev.rvwebautomacao.com.br\/es\/wp-json\/wp\/v2\/pages\/197\/revisions\/472"}],"up":[{"embeddable":true,"href":"https:\/\/blaspintdev.rvwebautomacao.com.br\/es\/wp-json\/wp\/v2\/pages\/22"}],"wp:featuredmedia":[{"embeddable":true,"href":"https:\/\/blaspintdev.rvwebautomacao.com.br\/es\/wp-json\/wp\/v2\/media\/318"}],"wp:attachment":[{"href":"https:\/\/blaspintdev.rvwebautomacao.com.br\/es\/wp-json\/wp\/v2\/media?parent=197"}],"curies":[{"name":"wp","href":"https:\/\/api.w.org\/{rel}","templated":true}]}}